{"id":42062,"date":"2025-01-13T10:55:00","date_gmt":"2025-01-13T09:55:00","guid":{"rendered":"https:\/\/marcart.es\/proceso-de-enmarcacion\/"},"modified":"2025-01-27T08:29:06","modified_gmt":"2025-01-27T07:29:06","slug":"proceso-de-enmarcacion","status":"publish","type":"page","link":"https:\/\/marcart.es\/es\/proceso-de-enmarcacion\/","title":{"rendered":"Proceso de enmarcaci\u00f3n"},"content":{"rendered":"\t\t<div data-elementor-type=\"wp-page\" data-elementor-id=\"42062\" class=\"elementor elementor-42062 elementor-41645\">\n\t\t\t\t\t\t<section class=\"elementor-section elementor-top-section elementor-element elementor-element-3221251 elementor-section-full_width elementor-section-height-default elementor-section-height-default sc_fly_static\" data-id=\"3221251\" data-element_type=\"section\">\n\t\t\t\t\t\t<div class=\"elementor-container elementor-column-gap-no\">\n\t\t\t\t\t<div class=\"elementor-column elementor-col-100 elementor-top-column elementor-element elementor-element-a65aa4a sc_content_align_inherit sc_layouts_column_icons_position_left sc_fly_static\" data-id=\"a65aa4a\" data-element_type=\"column\">\n\t\t\t<div class=\"elementor-widget-wrap elementor-element-populated\">\n\t\t\t\t\t\t<div class=\"elementor-element elementor-element-ea8cc0f sc_height_huge sc_fly_static elementor-widget elementor-widget-spacer\" data-id=\"ea8cc0f\" data-element_type=\"widget\" data-widget_type=\"spacer.default\">\n\t\t\t\t<div class=\"elementor-widget-container\">\n\t\t\t\t\t\t\t<div class=\"elementor-spacer\">\n\t\t\t<div class=\"elementor-spacer-inner\"><\/div>\n\t\t<\/div>\n\t\t\t\t\t\t<\/div>\n\t\t\t\t<\/div>\n\t\t\t\t\t<\/div>\n\t\t<\/div>\n\t\t\t\t\t<\/div>\n\t\t<\/section>\n\t\t\t\t<section class=\"elementor-section elementor-top-section elementor-element elementor-element-210e506 elementor-section-boxed elementor-section-height-default elementor-section-height-default sc_fly_static\" data-id=\"210e506\" data-element_type=\"section\">\n\t\t\t\t\t\t<div class=\"elementor-container elementor-column-gap-extended\">\n\t\t\t\t\t<div class=\"elementor-column elementor-col-100 elementor-top-column elementor-element elementor-element-b0a22ab sc_content_align_inherit sc_layouts_column_icons_position_left sc_fly_static\" data-id=\"b0a22ab\" data-element_type=\"column\">\n\t\t\t<div class=\"elementor-widget-wrap elementor-element-populated\">\n\t\t\t\t\t\t<section data-animation-type=\"sequental\" data-animation-stagger=\"\" class=\"elementor-section elementor-inner-section elementor-element elementor-element-8d88d44 animation_type_sequental elementor-section-boxed elementor-section-height-default elementor-section-height-default sc_fly_static elementor-invisible\" data-id=\"8d88d44\" data-element_type=\"section\" data-settings=\"{&quot;animation&quot;:&quot;pantry-fadeinup&quot;,&quot;animation_delay&quot;:100}\">\n\t\t\t\t\t\t<div class=\"elementor-container elementor-column-gap-extended\">\n\t\t\t\t\t<div class=\"elementor-column elementor-col-50 elementor-inner-column elementor-element elementor-element-6e4d10c sc_column_fixed sc_content_align_inherit sc_layouts_column_icons_position_left sc_fly_static\" data-id=\"6e4d10c\" data-element_type=\"column\">\n\t\t\t<div class=\"elementor-widget-wrap elementor-element-populated\">\n\t\t\t\t\t\t<div class=\"elementor-element elementor-element-38ae0fb elementor-widget__width-initial sc_fly_static elementor-widget elementor-widget-trx_sc_title\" data-id=\"38ae0fb\" data-element_type=\"widget\" data-widget_type=\"trx_sc_title.default\">\n\t\t\t\t<div class=\"elementor-widget-container\">\n\t\t\t\t\t<div\t\tclass=\"sc_title sc_title_default\" ><span class=\"sc_item_subtitle sc_title_subtitle sc_item_subtitle_above sc_item_title_style_default\">Proceso de enmarcaci\u00f3n<\/span><h1 class=\"sc_item_title sc_title_title sc_item_title_style_default sc_item_title_tag\"\n\t\t\t><span class=\"sc_item_title_text\">Transforma cada pieza en una obra \u00fanica<\/span><\/h1><div class=\"sc_item_descr sc_title_descr\"><p>En marcArt sabemos que cada pieza es \u00fanica y merece un tratamiento especial. Por ello, hemos dise\u00f1ado un proceso de enmarcaci\u00f3n artesanal que combina experiencia, materiales de calidad y atenci\u00f3n al detalle. Desde la selecci\u00f3n del marco hasta los acabados finales, cuidamos cada paso para asegurar que el resultado final sea impecable y fiel a tus necesidades.  <\/p>\n<\/div><\/div>\t\t\t\t<\/div>\n\t\t\t\t<\/div>\n\t\t\t\t<div class=\"elementor-element elementor-element-c28df52 sc_layouts_hide_on_wide sc_layouts_hide_on_desktop sc_layouts_hide_on_notebook sc_layouts_hide_on_tablet sc_fly_static elementor-widget elementor-widget-spacer\" data-id=\"c28df52\" data-element_type=\"widget\" data-widget_type=\"spacer.default\">\n\t\t\t\t<div class=\"elementor-widget-container\">\n\t\t\t\t\t\t\t<div class=\"elementor-spacer\">\n\t\t\t<div class=\"elementor-spacer-inner\"><\/div>\n\t\t<\/div>\n\t\t\t\t\t\t<\/div>\n\t\t\t\t<\/div>\n\t\t\t\t\t<\/div>\n\t\t<\/div>\n\t\t\t\t<div class=\"elementor-column elementor-col-50 elementor-inner-column elementor-element elementor-element-6e38ed2 sc_content_align_inherit sc_layouts_column_icons_position_left sc_fly_static\" data-id=\"6e38ed2\" data-element_type=\"column\">\n\t\t\t<div class=\"elementor-widget-wrap elementor-element-populated\">\n\t\t\t\t\t\t<div class=\"elementor-element elementor-element-b999e82 elementor-widget-divider--view-line sc_fly_static elementor-widget elementor-widget-divider\" data-id=\"b999e82\" data-element_type=\"widget\" data-widget_type=\"divider.default\">\n\t\t\t\t<div class=\"elementor-widget-container\">\n\t\t\t\t\t\t\t<div class=\"elementor-divider\">\n\t\t\t<span class=\"elementor-divider-separator\">\n\t\t\t\t\t\t<\/span>\n\t\t<\/div>\n\t\t\t\t\t\t<\/div>\n\t\t\t\t<\/div>\n\t\t\t\t<div class=\"elementor-element elementor-element-c2ebe02 sc_fly_static elementor-widget elementor-widget-toggle\" data-id=\"c2ebe02\" data-element_type=\"widget\" data-widget_type=\"toggle.default\">\n\t\t\t\t<div class=\"elementor-widget-container\">\n\t\t\t\t\t\t\t<div class=\"elementor-toggle\">\n\t\t\t\t\t\t\t<div class=\"elementor-toggle-item\">\n\t\t\t\t\t<h5 id=\"elementor-tab-title-2041\" class=\"elementor-tab-title\" data-tab=\"1\" role=\"button\" aria-controls=\"elementor-tab-content-2041\" aria-expanded=\"false\">\n\t\t\t\t\t\t\t\t\t\t\t\t<span class=\"elementor-toggle-icon elementor-toggle-icon-right\" aria-hidden=\"true\">\n\t\t\t\t\t\t\t\t\t\t\t\t\t\t\t<span class=\"elementor-toggle-icon-closed\"><svg xmlns=\"http:\/\/www.w3.org\/2000\/svg\" width=\"8.351\" height=\"14.581\" viewBox=\"0 0 8.351 14.581\"><path d=\"M-1033.607-6475l-7.07-7.07a.75.75,0,0,1,0-1.061.75.75,0,0,1,1.061,0l6.01,6.01,6.01-6.01a.75.75,0,0,1,1.061,0,.75.75,0,0,1,0,1.061Z\" transform=\"translate(6483.354 -1026.316) rotate(-90)\"><\/path><\/svg><\/span>\n\t\t\t\t\t\t\t\t<span class=\"elementor-toggle-icon-opened\"><svg xmlns=\"http:\/\/www.w3.org\/2000\/svg\" width=\"14.58\" height=\"8.351\" viewBox=\"0 0 14.58 8.351\"><path d=\"M-1033.607-6475l-7.07-7.07a.75.75,0,0,1,0-1.061.75.75,0,0,1,1.061,0l6.01,6.01,6.01-6.01a.75.75,0,0,1,1.061,0,.75.75,0,0,1,0,1.061Z\" transform=\"translate(1040.897 6483.354)\"><\/path><\/svg><\/span>\n\t\t\t\t\t\t\t\t\t\t\t\t\t<\/span>\n\t\t\t\t\t\t\t\t\t\t\t\t<a class=\"elementor-toggle-title\" tabindex=\"0\">Selecci\u00f3n de la obra<\/a>\n\t\t\t\t\t<\/h5>\n\n\t\t\t\t\t<div id=\"elementor-tab-content-2041\" class=\"elementor-tab-content elementor-clearfix\" data-tab=\"1\" role=\"region\" aria-labelledby=\"elementor-tab-title-2041\"><p>Identificamos el tipo de obra u objeto y sus necesidades espec\u00edficas.<\/p>\n<\/div>\n\t\t\t\t<\/div>\n\t\t\t\t\t\t\t<div class=\"elementor-toggle-item\">\n\t\t\t\t\t<h5 id=\"elementor-tab-title-2042\" class=\"elementor-tab-title\" data-tab=\"2\" role=\"button\" aria-controls=\"elementor-tab-content-2042\" aria-expanded=\"false\">\n\t\t\t\t\t\t\t\t\t\t\t\t<span class=\"elementor-toggle-icon elementor-toggle-icon-right\" aria-hidden=\"true\">\n\t\t\t\t\t\t\t\t\t\t\t\t\t\t\t<span class=\"elementor-toggle-icon-closed\"><svg xmlns=\"http:\/\/www.w3.org\/2000\/svg\" width=\"8.351\" height=\"14.581\" viewBox=\"0 0 8.351 14.581\"><path d=\"M-1033.607-6475l-7.07-7.07a.75.75,0,0,1,0-1.061.75.75,0,0,1,1.061,0l6.01,6.01,6.01-6.01a.75.75,0,0,1,1.061,0,.75.75,0,0,1,0,1.061Z\" transform=\"translate(6483.354 -1026.316) rotate(-90)\"><\/path><\/svg><\/span>\n\t\t\t\t\t\t\t\t<span class=\"elementor-toggle-icon-opened\"><svg xmlns=\"http:\/\/www.w3.org\/2000\/svg\" width=\"14.58\" height=\"8.351\" viewBox=\"0 0 14.58 8.351\"><path d=\"M-1033.607-6475l-7.07-7.07a.75.75,0,0,1,0-1.061.75.75,0,0,1,1.061,0l6.01,6.01,6.01-6.01a.75.75,0,0,1,1.061,0,.75.75,0,0,1,0,1.061Z\" transform=\"translate(1040.897 6483.354)\"><\/path><\/svg><\/span>\n\t\t\t\t\t\t\t\t\t\t\t\t\t<\/span>\n\t\t\t\t\t\t\t\t\t\t\t\t<a class=\"elementor-toggle-title\" tabindex=\"0\">Elecci\u00f3n del marco<\/a>\n\t\t\t\t\t<\/h5>\n\n\t\t\t\t\t<div id=\"elementor-tab-content-2042\" class=\"elementor-tab-content elementor-clearfix\" data-tab=\"2\" role=\"region\" aria-labelledby=\"elementor-tab-title-2042\"><p>Presentamos varias opciones de marcos y acabados para encontrar la combinaci\u00f3n ideal entre funcionalidad y est\u00e9tica.<\/p>\n<\/div>\n\t\t\t\t<\/div>\n\t\t\t\t\t\t\t<div class=\"elementor-toggle-item\">\n\t\t\t\t\t<h5 id=\"elementor-tab-title-2043\" class=\"elementor-tab-title\" data-tab=\"3\" role=\"button\" aria-controls=\"elementor-tab-content-2043\" aria-expanded=\"false\">\n\t\t\t\t\t\t\t\t\t\t\t\t<span class=\"elementor-toggle-icon elementor-toggle-icon-right\" aria-hidden=\"true\">\n\t\t\t\t\t\t\t\t\t\t\t\t\t\t\t<span class=\"elementor-toggle-icon-closed\"><svg xmlns=\"http:\/\/www.w3.org\/2000\/svg\" width=\"8.351\" height=\"14.581\" viewBox=\"0 0 8.351 14.581\"><path d=\"M-1033.607-6475l-7.07-7.07a.75.75,0,0,1,0-1.061.75.75,0,0,1,1.061,0l6.01,6.01,6.01-6.01a.75.75,0,0,1,1.061,0,.75.75,0,0,1,0,1.061Z\" transform=\"translate(6483.354 -1026.316) rotate(-90)\"><\/path><\/svg><\/span>\n\t\t\t\t\t\t\t\t<span class=\"elementor-toggle-icon-opened\"><svg xmlns=\"http:\/\/www.w3.org\/2000\/svg\" width=\"14.58\" height=\"8.351\" viewBox=\"0 0 14.58 8.351\"><path d=\"M-1033.607-6475l-7.07-7.07a.75.75,0,0,1,0-1.061.75.75,0,0,1,1.061,0l6.01,6.01,6.01-6.01a.75.75,0,0,1,1.061,0,.75.75,0,0,1,0,1.061Z\" transform=\"translate(1040.897 6483.354)\"><\/path><\/svg><\/span>\n\t\t\t\t\t\t\t\t\t\t\t\t\t<\/span>\n\t\t\t\t\t\t\t\t\t\t\t\t<a class=\"elementor-toggle-title\" tabindex=\"0\">Tipo de cristal<\/a>\n\t\t\t\t\t<\/h5>\n\n\t\t\t\t\t<div id=\"elementor-tab-content-2043\" class=\"elementor-tab-content elementor-clearfix\" data-tab=\"3\" role=\"region\" aria-labelledby=\"elementor-tab-title-2043\"><p>Decidimos el tipo de cristal que mejor protege y realza la obra: brillante, antirreflectante, UV o acr\u00edlico.<\/p>\n<\/div>\n\t\t\t\t<\/div>\n\t\t\t\t\t\t\t<div class=\"elementor-toggle-item\">\n\t\t\t\t\t<h5 id=\"elementor-tab-title-2044\" class=\"elementor-tab-title\" data-tab=\"4\" role=\"button\" aria-controls=\"elementor-tab-content-2044\" aria-expanded=\"false\">\n\t\t\t\t\t\t\t\t\t\t\t\t<span class=\"elementor-toggle-icon elementor-toggle-icon-right\" aria-hidden=\"true\">\n\t\t\t\t\t\t\t\t\t\t\t\t\t\t\t<span class=\"elementor-toggle-icon-closed\"><svg xmlns=\"http:\/\/www.w3.org\/2000\/svg\" width=\"8.351\" height=\"14.581\" viewBox=\"0 0 8.351 14.581\"><path d=\"M-1033.607-6475l-7.07-7.07a.75.75,0,0,1,0-1.061.75.75,0,0,1,1.061,0l6.01,6.01,6.01-6.01a.75.75,0,0,1,1.061,0,.75.75,0,0,1,0,1.061Z\" transform=\"translate(6483.354 -1026.316) rotate(-90)\"><\/path><\/svg><\/span>\n\t\t\t\t\t\t\t\t<span class=\"elementor-toggle-icon-opened\"><svg xmlns=\"http:\/\/www.w3.org\/2000\/svg\" width=\"14.58\" height=\"8.351\" viewBox=\"0 0 14.58 8.351\"><path d=\"M-1033.607-6475l-7.07-7.07a.75.75,0,0,1,0-1.061.75.75,0,0,1,1.061,0l6.01,6.01,6.01-6.01a.75.75,0,0,1,1.061,0,.75.75,0,0,1,0,1.061Z\" transform=\"translate(1040.897 6483.354)\"><\/path><\/svg><\/span>\n\t\t\t\t\t\t\t\t\t\t\t\t\t<\/span>\n\t\t\t\t\t\t\t\t\t\t\t\t<a class=\"elementor-toggle-title\" tabindex=\"0\">Corte y montaje<\/a>\n\t\t\t\t\t<\/h5>\n\n\t\t\t\t\t<div id=\"elementor-tab-content-2044\" class=\"elementor-tab-content elementor-clearfix\" data-tab=\"4\" role=\"region\" aria-labelledby=\"elementor-tab-title-2044\"><p>Elaboramos el marco a medida y montamos la obra con cuidado para garantizar su preservaci\u00f3n y una presentaci\u00f3n impecable.<\/p>\n<\/div>\n\t\t\t\t<\/div>\n\t\t\t\t\t\t\t<div class=\"elementor-toggle-item\">\n\t\t\t\t\t<h5 id=\"elementor-tab-title-2045\" class=\"elementor-tab-title\" data-tab=\"5\" role=\"button\" aria-controls=\"elementor-tab-content-2045\" aria-expanded=\"false\">\n\t\t\t\t\t\t\t\t\t\t\t\t<span class=\"elementor-toggle-icon elementor-toggle-icon-right\" aria-hidden=\"true\">\n\t\t\t\t\t\t\t\t\t\t\t\t\t\t\t<span class=\"elementor-toggle-icon-closed\"><svg xmlns=\"http:\/\/www.w3.org\/2000\/svg\" width=\"8.351\" height=\"14.581\" viewBox=\"0 0 8.351 14.581\"><path d=\"M-1033.607-6475l-7.07-7.07a.75.75,0,0,1,0-1.061.75.75,0,0,1,1.061,0l6.01,6.01,6.01-6.01a.75.75,0,0,1,1.061,0,.75.75,0,0,1,0,1.061Z\" transform=\"translate(6483.354 -1026.316) rotate(-90)\"><\/path><\/svg><\/span>\n\t\t\t\t\t\t\t\t<span class=\"elementor-toggle-icon-opened\"><svg xmlns=\"http:\/\/www.w3.org\/2000\/svg\" width=\"14.58\" height=\"8.351\" viewBox=\"0 0 14.58 8.351\"><path d=\"M-1033.607-6475l-7.07-7.07a.75.75,0,0,1,0-1.061.75.75,0,0,1,1.061,0l6.01,6.01,6.01-6.01a.75.75,0,0,1,1.061,0,.75.75,0,0,1,0,1.061Z\" transform=\"translate(1040.897 6483.354)\"><\/path><\/svg><\/span>\n\t\t\t\t\t\t\t\t\t\t\t\t\t<\/span>\n\t\t\t\t\t\t\t\t\t\t\t\t<a class=\"elementor-toggle-title\" tabindex=\"0\">Acabados finales<\/a>\n\t\t\t\t\t<\/h5>\n\n\t\t\t\t\t<div id=\"elementor-tab-content-2045\" class=\"elementor-tab-content elementor-clearfix\" data-tab=\"5\" role=\"region\" aria-labelledby=\"elementor-tab-title-2045\"><p>Comprobamos cada detalle e incorporamos elementos como los ganchos o el sello de seguridad.<\/p>\n<\/div>\n\t\t\t\t<\/div>\n\t\t\t\t\t\t\t<div class=\"elementor-toggle-item\">\n\t\t\t\t\t<h5 id=\"elementor-tab-title-2046\" class=\"elementor-tab-title\" data-tab=\"6\" role=\"button\" aria-controls=\"elementor-tab-content-2046\" aria-expanded=\"false\">\n\t\t\t\t\t\t\t\t\t\t\t\t<span class=\"elementor-toggle-icon elementor-toggle-icon-right\" aria-hidden=\"true\">\n\t\t\t\t\t\t\t\t\t\t\t\t\t\t\t<span class=\"elementor-toggle-icon-closed\"><svg xmlns=\"http:\/\/www.w3.org\/2000\/svg\" width=\"8.351\" height=\"14.581\" viewBox=\"0 0 8.351 14.581\"><path d=\"M-1033.607-6475l-7.07-7.07a.75.75,0,0,1,0-1.061.75.75,0,0,1,1.061,0l6.01,6.01,6.01-6.01a.75.75,0,0,1,1.061,0,.75.75,0,0,1,0,1.061Z\" transform=\"translate(6483.354 -1026.316) rotate(-90)\"><\/path><\/svg><\/span>\n\t\t\t\t\t\t\t\t<span class=\"elementor-toggle-icon-opened\"><svg xmlns=\"http:\/\/www.w3.org\/2000\/svg\" width=\"14.58\" height=\"8.351\" viewBox=\"0 0 14.58 8.351\"><path d=\"M-1033.607-6475l-7.07-7.07a.75.75,0,0,1,0-1.061.75.75,0,0,1,1.061,0l6.01,6.01,6.01-6.01a.75.75,0,0,1,1.061,0,.75.75,0,0,1,0,1.061Z\" transform=\"translate(1040.897 6483.354)\"><\/path><\/svg><\/span>\n\t\t\t\t\t\t\t\t\t\t\t\t\t<\/span>\n\t\t\t\t\t\t\t\t\t\t\t\t<a class=\"elementor-toggle-title\" tabindex=\"0\">Entrega al cliente<\/a>\n\t\t\t\t\t<\/h5>\n\n\t\t\t\t\t<div id=\"elementor-tab-content-2046\" class=\"elementor-tab-content elementor-clearfix\" data-tab=\"6\" role=\"region\" aria-labelledby=\"elementor-tab-title-2046\"><p>La obra enmarcada se entrega con instrucciones de mantenimiento para garantizar su durabilidad.<\/p>\n<\/div>\n\t\t\t\t<\/div>\n\t\t\t\t\t\t\t\t<\/div>\n\t\t\t\t\t\t<\/div>\n\t\t\t\t<\/div>\n\t\t\t\t\t<\/div>\n\t\t<\/div>\n\t\t\t\t\t<\/div>\n\t\t<\/section>\n\t\t\t\t\t<\/div>\n\t\t<\/div>\n\t\t\t\t\t<\/div>\n\t\t<\/section>\n\t\t\t\t<section class=\"elementor-section elementor-top-section elementor-element elementor-element-3d0751e elementor-section-full_width elementor-section-height-default elementor-section-height-default sc_fly_static\" data-id=\"3d0751e\" data-element_type=\"section\">\n\t\t\t\t\t\t<div class=\"elementor-container elementor-column-gap-no\">\n\t\t\t\t\t<div class=\"elementor-column elementor-col-100 elementor-top-column elementor-element elementor-element-e86ce44 sc_content_align_inherit sc_layouts_column_icons_position_left sc_fly_static\" data-id=\"e86ce44\" data-element_type=\"column\">\n\t\t\t<div class=\"elementor-widget-wrap elementor-element-populated\">\n\t\t\t\t\t\t<div class=\"elementor-element elementor-element-dd59741 sc_height_huge sc_fly_static elementor-widget elementor-widget-spacer\" data-id=\"dd59741\" data-element_type=\"widget\" data-widget_type=\"spacer.default\">\n\t\t\t\t<div class=\"elementor-widget-container\">\n\t\t\t\t\t\t\t<div class=\"elementor-spacer\">\n\t\t\t<div class=\"elementor-spacer-inner\"><\/div>\n\t\t<\/div>\n\t\t\t\t\t\t<\/div>\n\t\t\t\t<\/div>\n\t\t\t\t\t<\/div>\n\t\t<\/div>\n\t\t\t\t\t<\/div>\n\t\t<\/section>\n\t\t\t\t<section class=\"elementor-section elementor-top-section elementor-element elementor-element-e85cef7 scheme_dark elementor-section-boxed elementor-section-height-default elementor-section-height-default sc_fly_static\" data-id=\"e85cef7\" data-element_type=\"section\" data-settings=\"{&quot;background_background&quot;:&quot;classic&quot;}\">\n\t\t\t\t\t\t\t<div class=\"elementor-background-overlay\"><\/div>\n\t\t\t\t\t\t\t<div class=\"elementor-container elementor-column-gap-extended\">\n\t\t\t\t\t<div class=\"elementor-column elementor-col-100 elementor-top-column elementor-element elementor-element-94063aa sc_layouts_column_align_center sc_layouts_column sc-mobile_layouts_column_align_left sc_layouts_column sc_content_align_inherit sc_layouts_column_icons_position_left sc_fly_static\" data-id=\"94063aa\" data-element_type=\"column\">\n\t\t\t<div class=\"elementor-widget-wrap elementor-element-populated\">\n\t\t\t\t\t\t<div class=\"elementor-element elementor-element-a06431b sc_fly_static elementor-widget elementor-widget-spacer\" data-id=\"a06431b\" data-element_type=\"widget\" data-widget_type=\"spacer.default\">\n\t\t\t\t<div class=\"elementor-widget-container\">\n\t\t\t\t\t\t\t<div class=\"elementor-spacer\">\n\t\t\t<div class=\"elementor-spacer-inner\"><\/div>\n\t\t<\/div>\n\t\t\t\t\t\t<\/div>\n\t\t\t\t<\/div>\n\t\t\t\t<div data-animation-type=\"block\" class=\"elementor-element elementor-element-a28cad2 elementor-widget__width-initial elementor-widget-mobile__width-inherit animation_type_block sc_fly_static elementor-invisible elementor-widget elementor-widget-trx_sc_title\" data-id=\"a28cad2\" data-element_type=\"widget\" data-settings=\"{&quot;_animation&quot;:&quot;pantry-fadeinup&quot;}\" data-widget_type=\"trx_sc_title.default\">\n\t\t\t\t<div class=\"elementor-widget-container\">\n\t\t\t\t\t<div\t\tclass=\"sc_title sc_title_default\" ><h1 class=\"sc_item_title sc_title_title sc_item_title_style_default sc_item_title_tag\"\n\t\t\t><span class=\"sc_item_title_text\">\u00bfTienes una obra especial que necesita enmarcaci\u00f3n?<\/span><\/h1><div\tclass=\"sc_item_button sc_button_wrap sc_item_button sc_item_button_default sc_item_button_size_normal sc_title_button\"><a href=\"https:\/\/marcart.es\/es\/contacto\/\" class=\"sc_button sc_button_default sc_button_size_normal sc_button_icon_left\"><span class=\"sc_button_text\"><span class=\"sc_button_title\">Cont\u00e1ctanos<\/span><\/span><\/a><\/div><\/div>\t\t\t\t<\/div>\n\t\t\t\t<\/div>\n\t\t\t\t<div class=\"elementor-element elementor-element-3a179c7 sc_fly_static elementor-widget elementor-widget-spacer\" data-id=\"3a179c7\" data-element_type=\"widget\" data-widget_type=\"spacer.default\">\n\t\t\t\t<div class=\"elementor-widget-container\">\n\t\t\t\t\t\t\t<div class=\"elementor-spacer\">\n\t\t\t<div class=\"elementor-spacer-inner\"><\/div>\n\t\t<\/div>\n\t\t\t\t\t\t<\/div>\n\t\t\t\t<\/div>\n\t\t\t\t\t<\/div>\n\t\t<\/div>\n\t\t\t\t\t<\/div>\n\t\t<\/section>\n\t\t\t\t<\/div>\n\t\t","protected":false},"excerpt":{"rendered":"<p>Proceso de enmarcaci\u00f3n Transforma cada pieza en una obra \u00fanica En marcArt sabemos que cada pieza es \u00fanica y merece un tratamiento especial. Por ello, hemos dise\u00f1ado un proceso de&hellip;<\/p>\n","protected":false},"author":1,"featured_media":0,"parent":0,"menu_order":0,"comment_status":"closed","ping_status":"closed","template":"","meta":{"footnotes":""},"class_list":["post-42062","page","type-page","status-publish","hentry"],"yoast_head":"<!-- This site is optimized with the Yoast SEO plugin v24.3 - https:\/\/yoast.com\/wordpress\/plugins\/seo\/ -->\n<title>Proceso de enmarcaci\u00f3n - marcArt<\/title>\n<meta name=\"robots\" content=\"index, follow, max-snippet:-1, max-image-preview:large, max-video-preview:-1\" \/>\n<link rel=\"canonical\" href=\"https:\/\/marcart.es\/es\/proceso-de-enmarcacion\/\" \/>\n<meta property=\"og:locale\" content=\"es_ES\" \/>\n<meta property=\"og:type\" content=\"article\" \/>\n<meta property=\"og:title\" content=\"Proceso de enmarcaci\u00f3n - marcArt\" \/>\n<meta property=\"og:description\" content=\"Proceso de enmarcaci\u00f3n Transforma cada pieza en una obra \u00fanica En marcArt sabemos que cada pieza es \u00fanica y merece un tratamiento especial. Por ello, hemos dise\u00f1ado un proceso de&hellip;\" \/>\n<meta property=\"og:url\" content=\"https:\/\/marcart.es\/es\/proceso-de-enmarcacion\/\" \/>\n<meta property=\"og:site_name\" content=\"marcArt\" \/>\n<meta property=\"article:modified_time\" content=\"2025-01-27T07:29:06+00:00\" \/>\n<meta name=\"twitter:card\" content=\"summary_large_image\" \/>\n<meta name=\"twitter:label1\" content=\"Tiempo de lectura\" \/>\n\t<meta name=\"twitter:data1\" content=\"1 minuto\" \/>\n<script type=\"application\/ld+json\" class=\"yoast-schema-graph\">{\"@context\":\"https:\/\/schema.org\",\"@graph\":[{\"@type\":\"WebPage\",\"@id\":\"https:\/\/marcart.es\/es\/proceso-de-enmarcacion\/\",\"url\":\"https:\/\/marcart.es\/es\/proceso-de-enmarcacion\/\",\"name\":\"Proceso de enmarcaci\u00f3n - marcArt\",\"isPartOf\":{\"@id\":\"https:\/\/marcart.es\/es\/#website\"},\"datePublished\":\"2025-01-13T09:55:00+00:00\",\"dateModified\":\"2025-01-27T07:29:06+00:00\",\"breadcrumb\":{\"@id\":\"https:\/\/marcart.es\/es\/proceso-de-enmarcacion\/#breadcrumb\"},\"inLanguage\":\"es\",\"potentialAction\":[{\"@type\":\"ReadAction\",\"target\":[\"https:\/\/marcart.es\/es\/proceso-de-enmarcacion\/\"]}]},{\"@type\":\"BreadcrumbList\",\"@id\":\"https:\/\/marcart.es\/es\/proceso-de-enmarcacion\/#breadcrumb\",\"itemListElement\":[{\"@type\":\"ListItem\",\"position\":1,\"name\":\"Portada\",\"item\":\"https:\/\/marcart.es\/es\/\"},{\"@type\":\"ListItem\",\"position\":2,\"name\":\"Proceso de enmarcaci\u00f3n\"}]},{\"@type\":\"WebSite\",\"@id\":\"https:\/\/marcart.es\/es\/#website\",\"url\":\"https:\/\/marcart.es\/es\/\",\"name\":\"Marcart\",\"description\":\"Emmarcaci\u00f3 profesional\",\"publisher\":{\"@id\":\"https:\/\/marcart.es\/es\/#organization\"},\"potentialAction\":[{\"@type\":\"SearchAction\",\"target\":{\"@type\":\"EntryPoint\",\"urlTemplate\":\"https:\/\/marcart.es\/es\/?s={search_term_string}\"},\"query-input\":{\"@type\":\"PropertyValueSpecification\",\"valueRequired\":true,\"valueName\":\"search_term_string\"}}],\"inLanguage\":\"es\"},{\"@type\":\"Organization\",\"@id\":\"https:\/\/marcart.es\/es\/#organization\",\"name\":\"Marcart\",\"url\":\"https:\/\/marcart.es\/es\/\",\"logo\":{\"@type\":\"ImageObject\",\"inLanguage\":\"es\",\"@id\":\"https:\/\/marcart.es\/es\/#\/schema\/logo\/image\/\",\"url\":\"https:\/\/marcart.es\/wp-content\/uploads\/2025\/01\/logo_g.png\",\"contentUrl\":\"https:\/\/marcart.es\/wp-content\/uploads\/2025\/01\/logo_g.png\",\"width\":343,\"height\":70,\"caption\":\"Marcart\"},\"image\":{\"@id\":\"https:\/\/marcart.es\/es\/#\/schema\/logo\/image\/\"}}]}<\/script>\n<!-- \/ Yoast SEO plugin. -->","yoast_head_json":{"title":"Proceso de enmarcaci\u00f3n - marcArt","robots":{"index":"index","follow":"follow","max-snippet":"max-snippet:-1","max-image-preview":"max-image-preview:large","max-video-preview":"max-video-preview:-1"},"canonical":"https:\/\/marcart.es\/es\/proceso-de-enmarcacion\/","og_locale":"es_ES","og_type":"article","og_title":"Proceso de enmarcaci\u00f3n - marcArt","og_description":"Proceso de enmarcaci\u00f3n Transforma cada pieza en una obra \u00fanica En marcArt sabemos que cada pieza es \u00fanica y merece un tratamiento especial. Por ello, hemos dise\u00f1ado un proceso de&hellip;","og_url":"https:\/\/marcart.es\/es\/proceso-de-enmarcacion\/","og_site_name":"marcArt","article_modified_time":"2025-01-27T07:29:06+00:00","twitter_card":"summary_large_image","twitter_misc":{"Tiempo de lectura":"1 minuto"},"schema":{"@context":"https:\/\/schema.org","@graph":[{"@type":"WebPage","@id":"https:\/\/marcart.es\/es\/proceso-de-enmarcacion\/","url":"https:\/\/marcart.es\/es\/proceso-de-enmarcacion\/","name":"Proceso de enmarcaci\u00f3n - marcArt","isPartOf":{"@id":"https:\/\/marcart.es\/es\/#website"},"datePublished":"2025-01-13T09:55:00+00:00","dateModified":"2025-01-27T07:29:06+00:00","breadcrumb":{"@id":"https:\/\/marcart.es\/es\/proceso-de-enmarcacion\/#breadcrumb"},"inLanguage":"es","potentialAction":[{"@type":"ReadAction","target":["https:\/\/marcart.es\/es\/proceso-de-enmarcacion\/"]}]},{"@type":"BreadcrumbList","@id":"https:\/\/marcart.es\/es\/proceso-de-enmarcacion\/#breadcrumb","itemListElement":[{"@type":"ListItem","position":1,"name":"Portada","item":"https:\/\/marcart.es\/es\/"},{"@type":"ListItem","position":2,"name":"Proceso de enmarcaci\u00f3n"}]},{"@type":"WebSite","@id":"https:\/\/marcart.es\/es\/#website","url":"https:\/\/marcart.es\/es\/","name":"Marcart","description":"Emmarcaci\u00f3 profesional","publisher":{"@id":"https:\/\/marcart.es\/es\/#organization"},"potentialAction":[{"@type":"SearchAction","target":{"@type":"EntryPoint","urlTemplate":"https:\/\/marcart.es\/es\/?s={search_term_string}"},"query-input":{"@type":"PropertyValueSpecification","valueRequired":true,"valueName":"search_term_string"}}],"inLanguage":"es"},{"@type":"Organization","@id":"https:\/\/marcart.es\/es\/#organization","name":"Marcart","url":"https:\/\/marcart.es\/es\/","logo":{"@type":"ImageObject","inLanguage":"es","@id":"https:\/\/marcart.es\/es\/#\/schema\/logo\/image\/","url":"https:\/\/marcart.es\/wp-content\/uploads\/2025\/01\/logo_g.png","contentUrl":"https:\/\/marcart.es\/wp-content\/uploads\/2025\/01\/logo_g.png","width":343,"height":70,"caption":"Marcart"},"image":{"@id":"https:\/\/marcart.es\/es\/#\/schema\/logo\/image\/"}}]}},"_links":{"self":[{"href":"https:\/\/marcart.es\/es\/wp-json\/wp\/v2\/pages\/42062","targetHints":{"allow":["GET"]}}],"collection":[{"href":"https:\/\/marcart.es\/es\/wp-json\/wp\/v2\/pages"}],"about":[{"href":"https:\/\/marcart.es\/es\/wp-json\/wp\/v2\/types\/page"}],"author":[{"embeddable":true,"href":"https:\/\/marcart.es\/es\/wp-json\/wp\/v2\/users\/1"}],"replies":[{"embeddable":true,"href":"https:\/\/marcart.es\/es\/wp-json\/wp\/v2\/comments?post=42062"}],"version-history":[{"count":1,"href":"https:\/\/marcart.es\/es\/wp-json\/wp\/v2\/pages\/42062\/revisions"}],"predecessor-version":[{"id":42063,"href":"https:\/\/marcart.es\/es\/wp-json\/wp\/v2\/pages\/42062\/revisions\/42063"}],"wp:attachment":[{"href":"https:\/\/marcart.es\/es\/wp-json\/wp\/v2\/media?parent=42062"}],"curies":[{"name":"wp","href":"https:\/\/api.w.org\/{rel}","templated":true}]}}